{"id":32,"date":"2024-05-26T23:01:45","date_gmt":"2024-05-26T21:01:45","guid":{"rendered":"https:\/\/mpmrconsult.de\/?page_id=32"},"modified":"2025-02-01T15:37:14","modified_gmt":"2025-02-01T14:37:14","slug":"ueber-uns-besser","status":"publish","type":"page","link":"https:\/\/mpmrconsult.de\/index.php\/ueber-uns-besser\/","title":{"rendered":"\u00dcber uns"},"content":{"rendered":"\n<div class=\"wp-block-group alignfull has-contrast-3-background-color has-background\" style=\"padding-top:var(--wp--preset--spacing--30);padding-bottom:var(--wp--preset--spacing--30)\"><div class=\"wp-block-group__inner-container is-layout-constrained wp-block-group-is-layout-constrained\">\n<div class=\"wp-block-columns alignwide is-layout-flex wp-container-core-columns-is-layout-1da03c2a wp-block-columns-is-layout-flex\">\n<div class=\"wp-block-column is-vertically-aligned-stretch is-layout-flow wp-block-column-is-layout-flow\" style=\"flex-basis:50%\">\n<div class=\"wp-block-group\" style=\"min-height:100%\"><div class=\"wp-block-group__inner-container is-layout-constrained wp-block-group-is-layout-constrained\">\n<p class=\"has-text-align-center has-x-large-font-size\" style=\"padding-top:0;padding-bottom:0;line-height:1.2\">Matthias P\u00fcschel<\/p>\n\n\n\n\n\n<p class=\"has-text-align-center has-contrast-color has-accent-5-background-color has-text-color has-background has-link-color wp-elements-080e00d1e64ca9f6310a0d5c4cb5d089\" style=\"font-size:1.3rem\"><em>&#8222;Durch meine langj\u00e4hrige Berufserfahrung mit vielen spannenden Stationen in unterschiedlichen Unternehmen und Rollen stehe ich Ihnen in allen Bereichen der Informations- und IT-Sicherheit beratend aber auch mit Hands-On zur Seite.&#8220;<\/em><\/p>\n\n\n\n\n\n<div class=\"wp-block-group is-content-justification-left\"><div class=\"wp-block-group__inner-container is-layout-constrained wp-container-core-group-is-layout-9fe8ed88 wp-block-group-is-layout-constrained\">\n<div class=\"wp-block-buttons alignwide is-content-justification-center is-layout-flex wp-container-core-buttons-is-layout-a89b3969 wp-block-buttons-is-layout-flex\"><\/div>\n<\/div><\/div>\n<\/div><\/div>\n<\/div>\n\n\n\n<div class=\"wp-block-column is-vertically-aligned-center is-layout-flow wp-block-column-is-layout-flow\" style=\"flex-basis:50%\">\n<figure class=\"wp-block-image size-full is-style-rounded\"><img loading=\"lazy\" decoding=\"async\" width=\"600\" height=\"612\" src=\"https:\/\/mpmrconsult.de\/wp-content\/uploads\/2024\/05\/Matthias-Pueschel.jpg\" alt=\"Portrait Matthias P\u00fcschel\" class=\"wp-image-151\" style=\"object-fit:contain\" srcset=\"https:\/\/mpmrconsult.de\/wp-content\/uploads\/2024\/05\/Matthias-Pueschel.jpg 600w, https:\/\/mpmrconsult.de\/wp-content\/uploads\/2024\/05\/Matthias-Pueschel-294x300.jpg 294w\" sizes=\"(max-width: 600px) 100vw, 600px\" \/><\/figure>\n<\/div>\n<\/div>\n<\/div><\/div>\n\n\n\n\n\n<div class=\"wp-block-group alignfull has-base-2-background-color has-background is-vertical is-layout-flex wp-container-core-group-is-layout-056709a1 wp-block-group-is-layout-flex\" style=\"margin-top:0;margin-bottom:0;padding-top:var(--wp--preset--spacing--50);padding-right:var(--wp--preset--spacing--50);padding-bottom:var(--wp--preset--spacing--50);padding-left:var(--wp--preset--spacing--50)\">\n<div class=\"wp-block-group alignwide\"><div class=\"wp-block-group__inner-container is-layout-constrained wp-block-group-is-layout-constrained\">\n<div class=\"wp-block-columns alignwide is-layout-flex wp-container-core-columns-is-layout-1da03c2a wp-block-columns-is-layout-flex\">\n<div class=\"wp-block-column is-vertically-aligned-stretch is-layout-flow wp-block-column-is-layout-flow\" style=\"flex-basis:50%\">\n<div class=\"wp-block-group is-vertical is-content-justification-center is-layout-flex wp-container-core-group-is-layout-b6c228df wp-block-group-is-layout-flex\" style=\"min-height:100%\">\n<div class=\"wp-block-group is-nowrap is-layout-flex wp-container-core-group-is-layout-6c531013 wp-block-group-is-layout-flex\">\n<figure class=\"wp-block-image size-full is-resized is-style-rounded\"><img loading=\"lazy\" decoding=\"async\" width=\"739\" height=\"675\" src=\"https:\/\/mpmrconsult.de\/wp-content\/uploads\/2024\/05\/Matthias-Reinecke.jpg\" alt=\"Portrait Matthias Reinecke\" class=\"wp-image-150\" style=\"width:505px\" srcset=\"https:\/\/mpmrconsult.de\/wp-content\/uploads\/2024\/05\/Matthias-Reinecke.jpg 739w, https:\/\/mpmrconsult.de\/wp-content\/uploads\/2024\/05\/Matthias-Reinecke-300x274.jpg 300w\" sizes=\"(max-width: 739px) 100vw, 739px\" \/><\/figure>\n<\/div>\n<\/div>\n<\/div>\n\n\n\n<div class=\"wp-block-column is-vertically-aligned-center is-layout-flow wp-block-column-is-layout-flow\" style=\"padding-top:0;padding-bottom:0;flex-basis:50%\">\n<p class=\"has-text-align-center has-x-large-font-size\" style=\"margin-top:var(--wp--preset--spacing--10);margin-bottom:var(--wp--preset--spacing--10);padding-top:var(--wp--preset--spacing--30);padding-bottom:var(--wp--preset--spacing--30)\">Matthias Reinecke<\/p>\n\n\n\n\n\n<p class=\"has-text-align-center has-contrast-color has-contrast-3-background-color has-text-color has-background has-link-color wp-elements-6284148c1fceda3e0881d80f4315ae69\" style=\"margin-top:var(--wp--preset--spacing--30);margin-bottom:var(--wp--preset--spacing--30);font-size:1.3rem\"><em>&#8222;Wenn Datensch\u00fctzer immer nur Nein sagen, haben Sie Ihre Aufgabe falsch verstanden. Mit meiner langj\u00e4hrigen Berufserfahrung zeige ich Ihnen Wege auf, Ihre Aufgaben und T\u00e4tigkeiten im Unternehmen datenschutzkonform zu gestalten.&#8220;<\/em><\/p>\n\n\n\n<div class=\"wp-block-buttons is-content-justification-center is-layout-flex wp-container-core-buttons-is-layout-098cc607 wp-block-buttons-is-layout-flex\"><\/div>\n\n\n<\/div>\n<\/div>\n<\/div><\/div>\n<\/div>\n\n\n","protected":false},"excerpt":{"rendered":"<p>Matthias P\u00fcschel &#8222;Durch meine langj\u00e4hrige Berufserfahrung mit vielen spannenden Stationen in unterschiedlichen Unternehmen und Rollen stehe ich Ihnen in allen Bereichen der Informations- und IT-Sicherheit beratend aber auch mit Hands-On zur Seite.&#8220; Matthias Reinecke &#8222;Wenn Datensch\u00fctzer immer nur Nein sagen, haben Sie Ihre Aufgabe falsch verstanden. Mit meiner langj\u00e4hrigen Berufserfahrung zeige ich Ihnen Wege auf, [&hellip;]<\/p>\n","protected":false},"author":1,"featured_media":0,"parent":0,"menu_order":0,"comment_status":"closed","ping_status":"closed","template":"","meta":{"saved_in_kubio":true,"footnotes":""},"class_list":["post-32","page","type-page","status-publish","hentry"],"kubio_ai_page_context":{"short_desc":"","purpose":"general"},"_links":{"self":[{"href":"https:\/\/mpmrconsult.de\/index.php\/wp-json\/wp\/v2\/pages\/32","targetHints":{"allow":["GET"]}}],"collection":[{"href":"https:\/\/mpmrconsult.de\/index.php\/wp-json\/wp\/v2\/pages"}],"about":[{"href":"https:\/\/mpmrconsult.de\/index.php\/wp-json\/wp\/v2\/types\/page"}],"author":[{"embeddable":true,"href":"https:\/\/mpmrconsult.de\/index.php\/wp-json\/wp\/v2\/users\/1"}],"replies":[{"embeddable":true,"href":"https:\/\/mpmrconsult.de\/index.php\/wp-json\/wp\/v2\/comments?post=32"}],"version-history":[{"count":53,"href":"https:\/\/mpmrconsult.de\/index.php\/wp-json\/wp\/v2\/pages\/32\/revisions"}],"predecessor-version":[{"id":419,"href":"https:\/\/mpmrconsult.de\/index.php\/wp-json\/wp\/v2\/pages\/32\/revisions\/419"}],"wp:attachment":[{"href":"https:\/\/mpmrconsult.de\/index.php\/wp-json\/wp\/v2\/media?parent=32"}],"curies":[{"name":"wp","href":"https:\/\/api.w.org\/{rel}","templated":true}]}}